{"id":23,"date":"2016-05-29T17:58:57","date_gmt":"2016-05-29T15:58:57","guid":{"rendered":"https:\/\/prof.phpnet.org\/iej\/?page_id=23"},"modified":"2016-10-23T20:11:42","modified_gmt":"2016-10-23T18:11:42","slug":"reforme-contrats","status":"publish","type":"page","link":"https:\/\/iej.univ-paris1.fr\/openaccess\/reforme-contrats\/","title":{"rendered":"Pr\u00e9sentation de la r\u00e9forme du droit des contrats"},"content":{"rendered":"","protected":false},"excerpt":{"rendered":"<p>La r\u00e9forme du droit des contrats, de la preuve et du r\u00e9gime g\u00e9n\u00e9ral de l&rsquo;obligation est entr\u00e9e en vigueur le 1er octobre 2016. L&rsquo;IEJ vous pr\u00e9sente cette r\u00e9forme article par article.<\/p>\n","protected":false},"author":1,"featured_media":422,"parent":0,"menu_order":0,"comment_status":"closed","ping_status":"closed","template":"page-templates\/grid-page.php","meta":{"footnotes":""},"class_list":["post-23","page","type-page","status-publish","has-post-thumbnail","hentry"],"yoast_head":"<!-- This site is optimized with the Yoast SEO plugin v23.5 - https:\/\/yoast.com\/wordpress\/plugins\/seo\/ -->\n<title>Pr\u00e9sentation de la r\u00e9forme du droit des contrats - Ressources Open Access de l&#039;Institut d&#039;\u00e9tudes judiciaires de la Sorbonne<\/title>\n<meta name=\"robots\" content=\"index, follow, max-snippet:-1, max-image-preview:large, max-video-preview:-1\" \/>\n<link rel=\"canonical\" href=\"https:\/\/iej.univ-paris1.fr\/openaccess\/reforme-contrats\/\" \/>\n<script type=\"application\/ld+json\" class=\"yoast-schema-graph\">{\"@context\":\"https:\/\/schema.org\",\"@graph\":[{\"@type\":\"WebPage\",\"@id\":\"https:\/\/iej.univ-paris1.fr\/openaccess\/reforme-contrats\/\",\"url\":\"https:\/\/iej.univ-paris1.fr\/openaccess\/reforme-contrats\/\",\"name\":\"Pr\u00e9sentation de la r\u00e9forme du droit des contrats - Ressources Open Access de l&#039;Institut d&#039;\u00e9tudes judiciaires de la Sorbonne\",\"isPartOf\":{\"@id\":\"https:\/\/iej.univ-paris1.fr\/openaccess\/#website\"},\"primaryImageOfPage\":{\"@id\":\"https:\/\/iej.univ-paris1.fr\/openaccess\/reforme-contrats\/#primaryimage\"},\"image\":{\"@id\":\"https:\/\/iej.univ-paris1.fr\/openaccess\/reforme-contrats\/#primaryimage\"},\"thumbnailUrl\":\"https:\/\/iej.univ-paris1.fr\/openaccess\/wp-content\/uploads\/2016\/07\/cropped-2013p1-p-0007513-blur-focus-cyan-sepia-4.jpg\",\"datePublished\":\"2016-05-29T15:58:57+00:00\",\"dateModified\":\"2016-10-23T18:11:42+00:00\",\"breadcrumb\":{\"@id\":\"https:\/\/iej.univ-paris1.fr\/openaccess\/reforme-contrats\/#breadcrumb\"},\"inLanguage\":\"fr-FR\",\"potentialAction\":[{\"@type\":\"ReadAction\",\"target\":[\"https:\/\/iej.univ-paris1.fr\/openaccess\/reforme-contrats\/\"]}]},{\"@type\":\"ImageObject\",\"inLanguage\":\"fr-FR\",\"@id\":\"https:\/\/iej.univ-paris1.fr\/openaccess\/reforme-contrats\/#primaryimage\",\"url\":\"https:\/\/iej.univ-paris1.fr\/openaccess\/wp-content\/uploads\/2016\/07\/cropped-2013p1-p-0007513-blur-focus-cyan-sepia-4.jpg\",\"contentUrl\":\"https:\/\/iej.univ-paris1.fr\/openaccess\/wp-content\/uploads\/2016\/07\/cropped-2013p1-p-0007513-blur-focus-cyan-sepia-4.jpg\",\"width\":1500,\"height\":633},{\"@type\":\"BreadcrumbList\",\"@id\":\"https:\/\/iej.univ-paris1.fr\/openaccess\/reforme-contrats\/#breadcrumb\",\"itemListElement\":[{\"@type\":\"ListItem\",\"position\":1,\"name\":\"Accueil\",\"item\":\"https:\/\/iej.univ-paris1.fr\/openaccess\/\"},{\"@type\":\"ListItem\",\"position\":2,\"name\":\"Pr\u00e9sentation de la r\u00e9forme du droit des contrats\"}]},{\"@type\":\"WebSite\",\"@id\":\"https:\/\/iej.univ-paris1.fr\/openaccess\/#website\",\"url\":\"https:\/\/iej.univ-paris1.fr\/openaccess\/\",\"name\":\"Ressources Open Access de l&#039;Institut d&#039;\u00e9tudes judiciaires de la Sorbonne\",\"description\":\"Institut d&#039;\u00e9tudes judiciaires de la Sorbonne\",\"potentialAction\":[{\"@type\":\"SearchAction\",\"target\":{\"@type\":\"EntryPoint\",\"urlTemplate\":\"https:\/\/iej.univ-paris1.fr\/openaccess\/?s={search_term_string}\"},\"query-input\":{\"@type\":\"PropertyValueSpecification\",\"valueRequired\":true,\"valueName\":\"search_term_string\"}}],\"inLanguage\":\"fr-FR\"}]}<\/script>\n<!-- \/ Yoast SEO plugin. -->","yoast_head_json":{"title":"Pr\u00e9sentation de la r\u00e9forme du droit des contrats - Ressources Open Access de l&#039;Institut d&#039;\u00e9tudes judiciaires de la Sorbonne","robots":{"index":"index","follow":"follow","max-snippet":"max-snippet:-1","max-image-preview":"max-image-preview:large","max-video-preview":"max-video-preview:-1"},"canonical":"https:\/\/iej.univ-paris1.fr\/openaccess\/reforme-contrats\/","schema":{"@context":"https:\/\/schema.org","@graph":[{"@type":"WebPage","@id":"https:\/\/iej.univ-paris1.fr\/openaccess\/reforme-contrats\/","url":"https:\/\/iej.univ-paris1.fr\/openaccess\/reforme-contrats\/","name":"Pr\u00e9sentation de la r\u00e9forme du droit des contrats - Ressources Open Access de l&#039;Institut d&#039;\u00e9tudes judiciaires de la Sorbonne","isPartOf":{"@id":"https:\/\/iej.univ-paris1.fr\/openaccess\/#website"},"primaryImageOfPage":{"@id":"https:\/\/iej.univ-paris1.fr\/openaccess\/reforme-contrats\/#primaryimage"},"image":{"@id":"https:\/\/iej.univ-paris1.fr\/openaccess\/reforme-contrats\/#primaryimage"},"thumbnailUrl":"https:\/\/iej.univ-paris1.fr\/openaccess\/wp-content\/uploads\/2016\/07\/cropped-2013p1-p-0007513-blur-focus-cyan-sepia-4.jpg","datePublished":"2016-05-29T15:58:57+00:00","dateModified":"2016-10-23T18:11:42+00:00","breadcrumb":{"@id":"https:\/\/iej.univ-paris1.fr\/openaccess\/reforme-contrats\/#breadcrumb"},"inLanguage":"fr-FR","potentialAction":[{"@type":"ReadAction","target":["https:\/\/iej.univ-paris1.fr\/openaccess\/reforme-contrats\/"]}]},{"@type":"ImageObject","inLanguage":"fr-FR","@id":"https:\/\/iej.univ-paris1.fr\/openaccess\/reforme-contrats\/#primaryimage","url":"https:\/\/iej.univ-paris1.fr\/openaccess\/wp-content\/uploads\/2016\/07\/cropped-2013p1-p-0007513-blur-focus-cyan-sepia-4.jpg","contentUrl":"https:\/\/iej.univ-paris1.fr\/openaccess\/wp-content\/uploads\/2016\/07\/cropped-2013p1-p-0007513-blur-focus-cyan-sepia-4.jpg","width":1500,"height":633},{"@type":"BreadcrumbList","@id":"https:\/\/iej.univ-paris1.fr\/openaccess\/reforme-contrats\/#breadcrumb","itemListElement":[{"@type":"ListItem","position":1,"name":"Accueil","item":"https:\/\/iej.univ-paris1.fr\/openaccess\/"},{"@type":"ListItem","position":2,"name":"Pr\u00e9sentation de la r\u00e9forme du droit des contrats"}]},{"@type":"WebSite","@id":"https:\/\/iej.univ-paris1.fr\/openaccess\/#website","url":"https:\/\/iej.univ-paris1.fr\/openaccess\/","name":"Ressources Open Access de l&#039;Institut d&#039;\u00e9tudes judiciaires de la Sorbonne","description":"Institut d&#039;\u00e9tudes judiciaires de la Sorbonne","potentialAction":[{"@type":"SearchAction","target":{"@type":"EntryPoint","urlTemplate":"https:\/\/iej.univ-paris1.fr\/openaccess\/?s={search_term_string}"},"query-input":{"@type":"PropertyValueSpecification","valueRequired":true,"valueName":"search_term_string"}}],"inLanguage":"fr-FR"}]}},"_links":{"self":[{"href":"https:\/\/iej.univ-paris1.fr\/openaccess\/wp-json\/wp\/v2\/pages\/23"}],"collection":[{"href":"https:\/\/iej.univ-paris1.fr\/openaccess\/wp-json\/wp\/v2\/pages"}],"about":[{"href":"https:\/\/iej.univ-paris1.fr\/openaccess\/wp-json\/wp\/v2\/types\/page"}],"author":[{"embeddable":true,"href":"https:\/\/iej.univ-paris1.fr\/openaccess\/wp-json\/wp\/v2\/users\/1"}],"replies":[{"embeddable":true,"href":"https:\/\/iej.univ-paris1.fr\/openaccess\/wp-json\/wp\/v2\/comments?post=23"}],"version-history":[{"count":4,"href":"https:\/\/iej.univ-paris1.fr\/openaccess\/wp-json\/wp\/v2\/pages\/23\/revisions"}],"predecessor-version":[{"id":1042,"href":"https:\/\/iej.univ-paris1.fr\/openaccess\/wp-json\/wp\/v2\/pages\/23\/revisions\/1042"}],"wp:featuredmedia":[{"embeddable":true,"href":"https:\/\/iej.univ-paris1.fr\/openaccess\/wp-json\/wp\/v2\/media\/422"}],"wp:attachment":[{"href":"https:\/\/iej.univ-paris1.fr\/openaccess\/wp-json\/wp\/v2\/media?parent=23"}],"curies":[{"name":"wp","href":"https:\/\/api.w.org\/{rel}","templated":true}]}}